{"id":3939,"date":"2017-09-10T08:09:40","date_gmt":"2017-09-10T08:09:40","guid":{"rendered":"https:\/\/www.akinyucel.com\/?page_id=3939"},"modified":"2019-09-04T11:13:10","modified_gmt":"2019-09-04T11:13:10","slug":"estetik-cerrahi-ve-plastik-rekonstruktif-cerrahi-uzmani-prof-dr-akin-yucel","status":"publish","type":"page","link":"https:\/\/www.akinyucel.com\/en\/estetik-cerrahi-ve-plastik-rekonstruktif-cerrahi-uzmani-prof-dr-akin-yucel\/","title":{"rendered":"Estetik Cerrahi ve Plastik Rekonstr\u00fcktif Cerrahi Uzman\u0131 Prof.Dr. Ak\u0131n Y\u00fccel"},"content":{"rendered":"<h3>Estetik Cerrahi Uzman\u0131 Prof. Dr. Ak\u0131n Y\u00fccel<\/h3>\n<p><a href=\"https:\/\/cerrahpasa.istanbul.edu.tr\/\" target=\"_blank\" rel=\"noopener\"><img loading=\"lazy\" decoding=\"async\" class=\"size-medium wp-image-4730 alignleft\" src=\"https:\/\/www.akinyucel.com\/wp-content\/uploads\/2017\/10\/AkinYucel-1-300x207.jpg\" alt=\"Estetik Cerrahi ve Plastik Rekonstr\u00fcktif Cerrahi Uzman\u0131 Prof. Dr. Ak\u0131n Y\u00fccel\" width=\"300\" height=\"207\" srcset=\"https:\/\/www.akinyucel.com\/wp-content\/uploads\/2017\/10\/AkinYucel-1-300x207.jpg 300w, https:\/\/www.akinyucel.com\/wp-content\/uploads\/2017\/10\/AkinYucel-1-768x530.jpg 768w, https:\/\/www.akinyucel.com\/wp-content\/uploads\/2017\/10\/AkinYucel-1.jpg 1024w, https:\/\/www.akinyucel.com\/wp-content\/uploads\/2017\/10\/AkinYucel-1-271x187.jpg 271w\" sizes=\"auto, (max-width: 300px) 100vw, 300px\" \/>\u0130.\u00dc. Cerrahpa\u015fa T\u0131p Fak\u00fcltesi<\/a> Plastik Rekonstr\u00fcktif ve Estetik Cerrahi Anabilim Dal\u0131 ve El Cerrahisi Bilim Dal\u0131&#8217;nda uzun y\u0131llar \u00d6\u011fretim \u00dcyesi olarak g\u00f6rev yapt\u0131ktan sonra 2011 sonu itibar\u0131yla \u00dcniversiteden ayr\u0131ld\u0131. Y\u00fccel, hastalar\u0131n\u0131 Ni\u015fanta\u015f\u0131&#8217;ndaki \u00f6zel klini\u011finde takip etmekte, ameliyatlar\u0131n\u0131 ise \u00e7e\u015fitli \u00f6zel hastanelerde ger\u00e7ekle\u015ftirmektedir. Prof. Dr. Y\u00fccel \u00f6zellikle estetik cerrahi alan\u0131nda, <a href=\"https:\/\/www.akinyucel.com\/meme-estetigi\/\">estetik meme cerrahisi<\/a>, <a href=\"https:\/\/www.akinyucel.com\/kanser-sonrasi-meme-onarimlari\/\">kanser sonras\u0131 meme onar\u0131mlar\u0131<\/a>, <a href=\"https:\/\/www.akinyucel.com\/goz-cevresi-estetigi-blefaroplasti\/\">g\u00f6z \u00e7evresi esteti\u011fi<\/a>, y\u00fcz esteti\u011fi, estetik burun cerrahisi, kar\u0131n germe, liposuction ve v\u00fccut \u015fekillendirme konular\u0131 ile ilgilenmektedir. Hastanelerde ger\u00e7ekle\u015ftirdi\u011fi estetik cerrahi operasyonlar\u0131n\u0131n yan\u0131s\u0131ra klini\u011finde yo\u011fun \u015fekilde dolgu, botoks, cilt gen\u00e7le\u015ftirme gibi cerrahi d\u0131\u015f\u0131 estetik uygulamalar ger\u00e7ekle\u015ftirmektedir.<br \/>\nProf. Dr. Y\u00fccel&#8217;in estetik cerrahi uygulamalar\u0131 \u00fczerine ulusal ve uluslararas\u0131 dergilerde ve kitaplarda yay\u0131nlanm\u0131\u015f \u00e7ok say\u0131da bilimsel makalesi ve kitap b\u00f6l\u00fcm\u00fc bulunmaktad\u0131r. Her y\u0131l bir\u00e7ok ulusal ve uluslararas\u0131 bilimsel toplant\u0131da plastik rekonstr\u00fcktif ve estetik cerrahi \u00fczerine konferanslar vermekte, panellere kat\u0131lmaktad\u0131r. Yine bir\u00e7ok ulusal ve uluslararas\u0131 bilimsel toplant\u0131n\u0131n d\u00fczenlenmesinde aktif olarak g\u00f6rev almaktad\u0131r.<\/p>\n","protected":false},"excerpt":{"rendered":"<p>Estetik Cerrahi Uzman\u0131 Prof. Dr. Ak\u0131n Y\u00fccel \u0130.\u00dc. Cerrahpa\u015fa T\u0131p Fak\u00fcltesi Plastik Rekonstr\u00fcktif ve Estetik Cerrahi Anabilim Dal\u0131 ve El Cerrahisi Bilim Dal\u0131&#8217;nda uzun y\u0131llar \u00d6\u011fretim \u00dcyesi olarak g\u00f6rev yapt\u0131ktan sonra 2011 sonu itibar\u0131yla \u00dcniversiteden ayr\u0131ld\u0131. Y\u00fccel, hastalar\u0131n\u0131 Ni\u015fanta\u015f\u0131&#8217;ndaki \u00f6zel klini\u011finde takip etmekte, ameliyatlar\u0131n\u0131 ise \u00e7e\u015fitli \u00f6zel hastanelerde ger\u00e7ekle\u015ftirmektedir. Prof. Dr. Y\u00fccel \u00f6zellikle estetik cerrahi<\/p>\n","protected":false},"author":1,"featured_media":0,"parent":0,"menu_order":0,"comment_status":"closed","ping_status":"closed","template":"","meta":{"footnotes":""},"class_list":["post-3939","page","type-page","status-publish","hentry"],"_links":{"self":[{"href":"https:\/\/www.akinyucel.com\/en\/wp-json\/wp\/v2\/pages\/3939","targetHints":{"allow":["GET"]}}],"collection":[{"href":"https:\/\/www.akinyucel.com\/en\/wp-json\/wp\/v2\/pages"}],"about":[{"href":"https:\/\/www.akinyucel.com\/en\/wp-json\/wp\/v2\/types\/page"}],"author":[{"embeddable":true,"href":"https:\/\/www.akinyucel.com\/en\/wp-json\/wp\/v2\/users\/1"}],"replies":[{"embeddable":true,"href":"https:\/\/www.akinyucel.com\/en\/wp-json\/wp\/v2\/comments?post=3939"}],"version-history":[{"count":5,"href":"https:\/\/www.akinyucel.com\/en\/wp-json\/wp\/v2\/pages\/3939\/revisions"}],"predecessor-version":[{"id":5578,"href":"https:\/\/www.akinyucel.com\/en\/wp-json\/wp\/v2\/pages\/3939\/revisions\/5578"}],"wp:attachment":[{"href":"https:\/\/www.akinyucel.com\/en\/wp-json\/wp\/v2\/media?parent=3939"}],"curies":[{"name":"wp","href":"https:\/\/api.w.org\/{rel}","templated":true}]}}